{"id":32,"date":"2020-04-13T11:18:50","date_gmt":"2020-04-13T11:18:50","guid":{"rendered":"https:\/\/hazardcontrolengineering.com\/?page_id=32"},"modified":"2021-03-06T20:53:46","modified_gmt":"2021-03-06T20:53:46","slug":"chemical-weapon-agents-services","status":"publish","type":"page","link":"https:\/\/hazardcontrolengineering.com\/de\/chemical-weapon-agents-services\/","title":{"rendered":"Chemical Weapon Agents Services"},"content":{"rendered":"<div data-elementor-type=\"wp-page\" data-elementor-id=\"32\" class=\"elementor elementor-32\" data-elementor-settings=\"[]\">\n\t\t\t\t\t\t<div class=\"elementor-inner\">\n\t\t\t\t\t\t\t<div class=\"elementor-section-wrap\">\n\t\t\t\t\t\t\t<section class=\"elementor-section elementor-top-section elementor-element elementor-element-1b0a5d33 elementor-section-height-min-height elementor-section-boxed elementor-section-height-default elementor-section-items-middle\" data-id=\"1b0a5d33\" data-element_type=\"section\" data-settings=\"{&quot;background_background&quot;:&quot;classic&quot;}\">\n\t\t\t\t\t\t\t<div class=\"elementor-background-overlay\"><\/div>\n\t\t\t\t\t\t\t<div class=\"elementor-container elementor-column-gap-default\">\n\t\t\t\t\t\t\t<div class=\"elementor-row\">\n\t\t\t\t\t<div class=\"elementor-column elementor-col-100 elementor-top-column elementor-element elementor-element-1f841ba\" data-id=\"1f841ba\" data-element_type=\"column\">\n\t\t\t<div class=\"elementor-column-wrap elementor-element-populated\">\n\t\t\t\t\t\t\t<div class=\"elementor-widget-wrap\">\n\t\t\t\t\t\t<div class=\"elementor-element elementor-element-365ba0bd elementor-widget elementor-widget-heading\" data-id=\"365ba0bd\" data-element_type=\"widget\" data-widget_type=\"heading.default\">\n\t\t\t\t<div class=\"elementor-widget-container\">\n\t\t\t<h1 class=\"elementor-heading-title elementor-size-default\">Dienstleistungen<\/h1>\t\t<\/div>\n\t\t\t\t<\/div>\n\t\t\t\t\t\t<\/div>\n\t\t\t\t\t<\/div>\n\t\t<\/div>\n\t\t\t\t\t\t\t\t<\/div>\n\t\t\t\t\t<\/div>\n\t\t<\/section>\n\t\t\t\t<section class=\"elementor-section elementor-top-section elementor-element elementor-element-7ab11ea elementor-section-boxed elementor-section-height-default elementor-section-height-default\" data-id=\"7ab11ea\" data-element_type=\"section\">\n\t\t\t\t\t\t<div class=\"elementor-container elementor-column-gap-default\">\n\t\t\t\t\t\t\t<div class=\"elementor-row\">\n\t\t\t\t\t<div class=\"elementor-column elementor-col-16 elementor-top-column elementor-element elementor-element-137b9d6\" data-id=\"137b9d6\" data-element_type=\"column\">\n\t\t\t<div class=\"elementor-column-wrap\">\n\t\t\t\t\t\t\t<div class=\"elementor-widget-wrap\">\n\t\t\t\t\t\t\t\t<\/div>\n\t\t\t\t\t<\/div>\n\t\t<\/div>\n\t\t\t\t<div class=\"elementor-column elementor-col-66 elementor-top-column elementor-element elementor-element-0ca6dd6\" data-id=\"0ca6dd6\" data-element_type=\"column\">\n\t\t\t<div class=\"elementor-column-wrap elementor-element-populated\">\n\t\t\t\t\t\t\t<div class=\"elementor-widget-wrap\">\n\t\t\t\t\t\t<div class=\"elementor-element elementor-element-d426a14 elementor-widget elementor-widget-text-editor\" data-id=\"d426a14\" data-element_type=\"widget\" data-widget_type=\"text-editor.default\">\n\t\t\t\t<div class=\"elementor-widget-container\">\n\t\t\t\t\t<div class=\"elementor-text-editor elementor-clearfix\"><p>Aufgrund langj\u00e4hriger Erfahrung bietet HCE - Hazard Control Engineering Beratungsdienstleistungen zu chemischen \u00dcberwachungssystemen und Rechtsangelegenheiten an sowie kundenspezifische L\u00f6sungen f\u00fcr die Modifikation und Wartung von Analyseger\u00e4ten.<\/p><\/div>\n\t\t\t\t<\/div>\n\t\t\t\t<\/div>\n\t\t\t\t\t\t<\/div>\n\t\t\t\t\t<\/div>\n\t\t<\/div>\n\t\t\t\t<div class=\"elementor-column elementor-col-16 elementor-top-column elementor-element elementor-element-1bfa68b\" data-id=\"1bfa68b\" data-element_type=\"column\">\n\t\t\t<div class=\"elementor-column-wrap\">\n\t\t\t\t\t\t\t<div class=\"elementor-widget-wrap\">\n\t\t\t\t\t\t\t\t<\/div>\n\t\t\t\t\t<\/div>\n\t\t<\/div>\n\t\t\t\t\t\t\t\t<\/div>\n\t\t\t\t\t<\/div>\n\t\t<\/section>\n\t\t\t\t<section class=\"elementor-section elementor-top-section elementor-element elementor-element-9e09982 elementor-section-boxed elementor-section-height-default elementor-section-height-default\" data-id=\"9e09982\" data-element_type=\"section\">\n\t\t\t\t\t\t<div class=\"elementor-container elementor-column-gap-no\">\n\t\t\t\t\t\t\t<div class=\"elementor-row\">\n\t\t\t\t\t<div class=\"elementor-column elementor-col-50 elementor-top-column elementor-element elementor-element-4b9de95\" data-id=\"4b9de95\" data-element_type=\"column\">\n\t\t\t<div class=\"elementor-column-wrap elementor-element-populated\">\n\t\t\t\t\t\t\t<div class=\"elementor-widget-wrap\">\n\t\t\t\t\t\t<div class=\"elementor-element elementor-element-1fab74e0 elementor-widget elementor-widget-image\" data-id=\"1fab74e0\" data-element_type=\"widget\" data-widget_type=\"image.default\">\n\t\t\t\t<div class=\"elementor-widget-container\">\n\t\t\t\t\t<div class=\"elementor-image\">\n\t\t\t\t\t\t\t\t\t\t\t<a href=\"https:\/\/hazardcontrolengineering.com\/wp-content\/uploads\/2020\/10\/WhatsApp-Image-2020-03-09-at-13.05.20.jpeg\" data-elementor-open-lightbox=\"yes\" data-elementor-lightbox-title=\"TV Documentary\">\n\t\t\t\t\t\t\t<img width=\"1024\" height=\"767\" src=\"https:\/\/hazardcontrolengineering.com\/wp-content\/uploads\/2020\/10\/WhatsApp-Image-2020-03-09-at-13.05.20.jpeg\" class=\"attachment-large size-large\" alt=\"\" loading=\"lazy\" srcset=\"https:\/\/hazardcontrolengineering.com\/wp-content\/uploads\/2020\/10\/WhatsApp-Image-2020-03-09-at-13.05.20.jpeg 1024w, https:\/\/hazardcontrolengineering.com\/wp-content\/uploads\/2020\/10\/WhatsApp-Image-2020-03-09-at-13.05.20-300x225.jpeg 300w, https:\/\/hazardcontrolengineering.com\/wp-content\/uploads\/2020\/10\/WhatsApp-Image-2020-03-09-at-13.05.20-768x575.jpeg 768w, https:\/\/hazardcontrolengineering.com\/wp-content\/uploads\/2020\/10\/WhatsApp-Image-2020-03-09-at-13.05.20-16x12.jpeg 16w\" sizes=\"(max-width: 1024px) 100vw, 1024px\" \/>\t\t\t\t\t\t\t\t<\/a>\n\t\t\t\t\t\t\t\t\t\t\t<\/div>\n\t\t\t\t<\/div>\n\t\t\t\t<\/div>\n\t\t\t\t\t\t<\/div>\n\t\t\t\t\t<\/div>\n\t\t<\/div>\n\t\t\t\t<div class=\"elementor-column elementor-col-50 elementor-top-column elementor-element elementor-element-ddc17dc\" data-id=\"ddc17dc\" data-element_type=\"column\">\n\t\t\t<div class=\"elementor-column-wrap elementor-element-populated\">\n\t\t\t\t\t\t\t<div class=\"elementor-widget-wrap\">\n\t\t\t\t\t\t<div class=\"elementor-element elementor-element-d8c8a33 elementor-widget elementor-widget-heading\" data-id=\"d8c8a33\" data-element_type=\"widget\" data-widget_type=\"heading.default\">\n\t\t\t\t<div class=\"elementor-widget-container\">\n\t\t\t<h2 class=\"elementor-heading-title elementor-size-default\">Beratung<\/h2>\t\t<\/div>\n\t\t\t\t<\/div>\n\t\t\t\t<div class=\"elementor-element elementor-element-3437ae6 elementor-widget elementor-widget-text-editor\" data-id=\"3437ae6\" data-element_type=\"widget\" data-widget_type=\"text-editor.default\">\n\t\t\t\t<div class=\"elementor-widget-container\">\n\t\t\t\t\t<div class=\"elementor-text-editor elementor-clearfix\"><p>Beratung f\u00fcr die chemische Kampfstoffdetektion in Bezug auf Ger\u00e4teart, technische Anforderungen, Kosten, Einsatzgebiete und Wartung.<\/p><p>\u00a0<\/p><p>\u00a0<\/p><\/div>\n\t\t\t\t<\/div>\n\t\t\t\t<\/div>\n\t\t\t\t\t\t<\/div>\n\t\t\t\t\t<\/div>\n\t\t<\/div>\n\t\t\t\t\t\t\t\t<\/div>\n\t\t\t\t\t<\/div>\n\t\t<\/section>\n\t\t\t\t<section class=\"elementor-section elementor-top-section elementor-element elementor-element-03612ac elementor-section-boxed elementor-section-height-default elementor-section-height-default\" data-id=\"03612ac\" data-element_type=\"section\">\n\t\t\t\t\t\t<div class=\"elementor-container elementor-column-gap-no\">\n\t\t\t\t\t\t\t<div class=\"elementor-row\">\n\t\t\t\t\t<div class=\"elementor-column elementor-col-50 elementor-top-column elementor-element elementor-element-16346bf\" data-id=\"16346bf\" data-element_type=\"column\">\n\t\t\t<div class=\"elementor-column-wrap elementor-element-populated\">\n\t\t\t\t\t\t\t<div class=\"elementor-widget-wrap\">\n\t\t\t\t\t\t<div class=\"elementor-element elementor-element-86d48a3 elementor-widget elementor-widget-image\" data-id=\"86d48a3\" data-element_type=\"widget\" data-widget_type=\"image.default\">\n\t\t\t\t<div class=\"elementor-widget-container\">\n\t\t\t\t\t<div class=\"elementor-image\">\n\t\t\t\t\t\t\t\t\t\t\t<a href=\"https:\/\/hazardcontrolengineering.com\/wp-content\/uploads\/2020\/09\/IMG_4540.jpg\" data-elementor-open-lightbox=\"yes\" data-elementor-lightbox-title=\"IMG_4540\">\n\t\t\t\t\t\t\t<img width=\"1024\" height=\"768\" src=\"https:\/\/hazardcontrolengineering.com\/wp-content\/uploads\/2020\/09\/IMG_4540.jpg\" class=\"attachment-large size-large\" alt=\"\" loading=\"lazy\" srcset=\"https:\/\/hazardcontrolengineering.com\/wp-content\/uploads\/2020\/09\/IMG_4540.jpg 1024w, https:\/\/hazardcontrolengineering.com\/wp-content\/uploads\/2020\/09\/IMG_4540-300x225.jpg 300w, https:\/\/hazardcontrolengineering.com\/wp-content\/uploads\/2020\/09\/IMG_4540-768x576.jpg 768w, https:\/\/hazardcontrolengineering.com\/wp-content\/uploads\/2020\/09\/IMG_4540-16x12.jpg 16w\" sizes=\"(max-width: 1024px) 100vw, 1024px\" \/>\t\t\t\t\t\t\t\t<\/a>\n\t\t\t\t\t\t\t\t\t\t\t<\/div>\n\t\t\t\t<\/div>\n\t\t\t\t<\/div>\n\t\t\t\t\t\t<\/div>\n\t\t\t\t\t<\/div>\n\t\t<\/div>\n\t\t\t\t<div class=\"elementor-column elementor-col-50 elementor-top-column elementor-element elementor-element-728c462\" data-id=\"728c462\" data-element_type=\"column\">\n\t\t\t<div class=\"elementor-column-wrap elementor-element-populated\">\n\t\t\t\t\t\t\t<div class=\"elementor-widget-wrap\">\n\t\t\t\t\t\t<div class=\"elementor-element elementor-element-0ab15ec elementor-widget elementor-widget-heading\" data-id=\"0ab15ec\" data-element_type=\"widget\" data-widget_type=\"heading.default\">\n\t\t\t\t<div class=\"elementor-widget-container\">\n\t\t\t<h2 class=\"elementor-heading-title elementor-size-default\">Kundenspezifische Hardware<\/h2>\t\t<\/div>\n\t\t\t\t<\/div>\n\t\t\t\t<div class=\"elementor-element elementor-element-7d0796f elementor-widget elementor-widget-text-editor\" data-id=\"7d0796f\" data-element_type=\"widget\" data-widget_type=\"text-editor.default\">\n\t\t\t\t<div class=\"elementor-widget-container\">\n\t\t\t\t\t<div class=\"elementor-text-editor elementor-clearfix\"><p>Auswahl der optimalsten Ger\u00e4te inkl. Softwaremodifikationen wie z.B. Kampfstoff-Spektrenbibiliotheken f\u00fcr Gaschromatographie mit Massenspektrometrie-Kopplung (GC-MS) und Ionenmobilit\u00e4tsspektrometrie (IMS).<\/p><p>\u00a0<\/p><p>\u00a0<\/p><\/div>\n\t\t\t\t<\/div>\n\t\t\t\t<\/div>\n\t\t\t\t\t\t<\/div>\n\t\t\t\t\t<\/div>\n\t\t<\/div>\n\t\t\t\t\t\t\t\t<\/div>\n\t\t\t\t\t<\/div>\n\t\t<\/section>\n\t\t\t\t<section class=\"elementor-section elementor-top-section elementor-element elementor-element-cd79318 elementor-section-boxed elementor-section-height-default elementor-section-height-default\" data-id=\"cd79318\" data-element_type=\"section\">\n\t\t\t\t\t\t<div class=\"elementor-container elementor-column-gap-no\">\n\t\t\t\t\t\t\t<div class=\"elementor-row\">\n\t\t\t\t\t<div class=\"elementor-column elementor-col-50 elementor-top-column elementor-element elementor-element-2a333ab\" data-id=\"2a333ab\" data-element_type=\"column\">\n\t\t\t<div class=\"elementor-column-wrap elementor-element-populated\">\n\t\t\t\t\t\t\t<div class=\"elementor-widget-wrap\">\n\t\t\t\t\t\t<div class=\"elementor-element elementor-element-a4a4e88 elementor-widget elementor-widget-image\" data-id=\"a4a4e88\" data-element_type=\"widget\" data-widget_type=\"image.default\">\n\t\t\t\t<div class=\"elementor-widget-container\">\n\t\t\t\t\t<div class=\"elementor-image\">\n\t\t\t\t\t\t\t\t\t\t\t<a href=\"https:\/\/hazardcontrolengineering.com\/wp-content\/uploads\/2020\/09\/P1090681.jpg\" data-elementor-open-lightbox=\"yes\" data-elementor-lightbox-title=\"P1090681\">\n\t\t\t\t\t\t\t<img width=\"1024\" height=\"768\" src=\"https:\/\/hazardcontrolengineering.com\/wp-content\/uploads\/2020\/09\/P1090681.jpg\" class=\"attachment-large size-large\" alt=\"\" loading=\"lazy\" srcset=\"https:\/\/hazardcontrolengineering.com\/wp-content\/uploads\/2020\/09\/P1090681.jpg 1024w, https:\/\/hazardcontrolengineering.com\/wp-content\/uploads\/2020\/09\/P1090681-300x225.jpg 300w, https:\/\/hazardcontrolengineering.com\/wp-content\/uploads\/2020\/09\/P1090681-768x576.jpg 768w, https:\/\/hazardcontrolengineering.com\/wp-content\/uploads\/2020\/09\/P1090681-16x12.jpg 16w\" sizes=\"(max-width: 1024px) 100vw, 1024px\" \/>\t\t\t\t\t\t\t\t<\/a>\n\t\t\t\t\t\t\t\t\t\t\t<\/div>\n\t\t\t\t<\/div>\n\t\t\t\t<\/div>\n\t\t\t\t\t\t<\/div>\n\t\t\t\t\t<\/div>\n\t\t<\/div>\n\t\t\t\t<div class=\"elementor-column elementor-col-50 elementor-top-column elementor-element elementor-element-5ff820e\" data-id=\"5ff820e\" data-element_type=\"column\">\n\t\t\t<div class=\"elementor-column-wrap elementor-element-populated\">\n\t\t\t\t\t\t\t<div class=\"elementor-widget-wrap\">\n\t\t\t\t\t\t<div class=\"elementor-element elementor-element-36335fb elementor-widget elementor-widget-heading\" data-id=\"36335fb\" data-element_type=\"widget\" data-widget_type=\"heading.default\">\n\t\t\t\t<div class=\"elementor-widget-container\">\n\t\t\t<h2 class=\"elementor-heading-title elementor-size-default\">Ger\u00e4tepr\u00fcfungen und -vorf\u00fchrungen<\/h2>\t\t<\/div>\n\t\t\t\t<\/div>\n\t\t\t\t<div class=\"elementor-element elementor-element-5765f1b elementor-widget elementor-widget-text-editor\" data-id=\"5765f1b\" data-element_type=\"widget\" data-widget_type=\"text-editor.default\">\n\t\t\t\t<div class=\"elementor-widget-container\">\n\t\t\t\t\t<div class=\"elementor-text-editor elementor-clearfix\"><p>Einschulung analytischer Instrumente am oder au\u00dferhalb des Einsatzortes sowie Funktionstests mit chemischen Kampfstoffstandards.<\/p><p>\u00a0<\/p><p>\u00a0<\/p><\/div>\n\t\t\t\t<\/div>\n\t\t\t\t<\/div>\n\t\t\t\t\t\t<\/div>\n\t\t\t\t\t<\/div>\n\t\t<\/div>\n\t\t\t\t\t\t\t\t<\/div>\n\t\t\t\t\t<\/div>\n\t\t<\/section>\n\t\t\t\t<section class=\"elementor-section elementor-top-section elementor-element elementor-element-f1c5182 elementor-section-boxed elementor-section-height-default elementor-section-height-default\" data-id=\"f1c5182\" data-element_type=\"section\">\n\t\t\t\t\t\t<div class=\"elementor-container elementor-column-gap-no\">\n\t\t\t\t\t\t\t<div class=\"elementor-row\">\n\t\t\t\t\t<div class=\"elementor-column elementor-col-50 elementor-top-column elementor-element elementor-element-8b86104\" data-id=\"8b86104\" data-element_type=\"column\">\n\t\t\t<div class=\"elementor-column-wrap elementor-element-populated\">\n\t\t\t\t\t\t\t<div class=\"elementor-widget-wrap\">\n\t\t\t\t\t\t<div class=\"elementor-element elementor-element-7f77871 elementor-widget elementor-widget-image\" data-id=\"7f77871\" data-element_type=\"widget\" data-widget_type=\"image.default\">\n\t\t\t\t<div class=\"elementor-widget-container\">\n\t\t\t\t\t<div class=\"elementor-image\">\n\t\t\t\t\t\t\t\t\t\t\t<a href=\"https:\/\/hazardcontrolengineering.com\/wp-content\/uploads\/2020\/09\/P1020866.jpg\" data-elementor-open-lightbox=\"yes\" data-elementor-lightbox-title=\"P1020866\">\n\t\t\t\t\t\t\t<img width=\"1024\" height=\"767\" src=\"https:\/\/hazardcontrolengineering.com\/wp-content\/uploads\/2020\/09\/P1020866.jpg\" class=\"attachment-large size-large\" alt=\"\" loading=\"lazy\" srcset=\"https:\/\/hazardcontrolengineering.com\/wp-content\/uploads\/2020\/09\/P1020866.jpg 1024w, https:\/\/hazardcontrolengineering.com\/wp-content\/uploads\/2020\/09\/P1020866-300x225.jpg 300w, https:\/\/hazardcontrolengineering.com\/wp-content\/uploads\/2020\/09\/P1020866-768x575.jpg 768w, https:\/\/hazardcontrolengineering.com\/wp-content\/uploads\/2020\/09\/P1020866-16x12.jpg 16w\" sizes=\"(max-width: 1024px) 100vw, 1024px\" \/>\t\t\t\t\t\t\t\t<\/a>\n\t\t\t\t\t\t\t\t\t\t\t<\/div>\n\t\t\t\t<\/div>\n\t\t\t\t<\/div>\n\t\t\t\t\t\t<\/div>\n\t\t\t\t\t<\/div>\n\t\t<\/div>\n\t\t\t\t<div class=\"elementor-column elementor-col-50 elementor-top-column elementor-element elementor-element-d4c59cf\" data-id=\"d4c59cf\" data-element_type=\"column\">\n\t\t\t<div class=\"elementor-column-wrap elementor-element-populated\">\n\t\t\t\t\t\t\t<div class=\"elementor-widget-wrap\">\n\t\t\t\t\t\t<div class=\"elementor-element elementor-element-ce86c28 elementor-widget elementor-widget-heading\" data-id=\"ce86c28\" data-element_type=\"widget\" data-widget_type=\"heading.default\">\n\t\t\t\t<div class=\"elementor-widget-container\">\n\t\t\t<h2 class=\"elementor-heading-title elementor-size-default\">Kundenspezifische Dienstleistungen zu Hardware, Einrichtung und Wartung<\/h2>\t\t<\/div>\n\t\t\t\t<\/div>\n\t\t\t\t<div class=\"elementor-element elementor-element-78dcae9 elementor-widget elementor-widget-text-editor\" data-id=\"78dcae9\" data-element_type=\"widget\" data-widget_type=\"text-editor.default\">\n\t\t\t\t<div class=\"elementor-widget-container\">\n\t\t\t\t\t<div class=\"elementor-text-editor elementor-clearfix\"><p>Einrichtung von Hardware und Organisation der Wartung f\u00fcr chemische Kampfstoff-\u00dcberwachungssysteme inkl. Operator Training.<\/p><p>\u00a0<\/p><\/div>\n\t\t\t\t<\/div>\n\t\t\t\t<\/div>\n\t\t\t\t\t\t<\/div>\n\t\t\t\t\t<\/div>\n\t\t<\/div>\n\t\t\t\t\t\t\t\t<\/div>\n\t\t\t\t\t<\/div>\n\t\t<\/section>\n\t\t\t\t<section class=\"elementor-section elementor-top-section elementor-element elementor-element-4db0ad9 elementor-section-boxed elementor-section-height-default elementor-section-height-default\" data-id=\"4db0ad9\" data-element_type=\"section\">\n\t\t\t\t\t\t<div class=\"elementor-container elementor-column-gap-no\">\n\t\t\t\t\t\t\t<div class=\"elementor-row\">\n\t\t\t\t\t<div class=\"elementor-column elementor-col-50 elementor-top-column elementor-element elementor-element-adc9367\" data-id=\"adc9367\" data-element_type=\"column\">\n\t\t\t<div class=\"elementor-column-wrap elementor-element-populated\">\n\t\t\t\t\t\t\t<div class=\"elementor-widget-wrap\">\n\t\t\t\t\t\t<div class=\"elementor-element elementor-element-7a83d1b elementor-widget elementor-widget-image\" data-id=\"7a83d1b\" data-element_type=\"widget\" data-widget_type=\"image.default\">\n\t\t\t\t<div class=\"elementor-widget-container\">\n\t\t\t\t\t<div class=\"elementor-image\">\n\t\t\t\t\t\t\t\t\t\t\t<a href=\"https:\/\/hazardcontrolengineering.com\/wp-content\/uploads\/2020\/10\/IMG_3434.jpg\" data-elementor-open-lightbox=\"yes\" data-elementor-lightbox-title=\"IMG_3434\">\n\t\t\t\t\t\t\t<img width=\"1024\" height=\"767\" src=\"https:\/\/hazardcontrolengineering.com\/wp-content\/uploads\/2020\/10\/IMG_3434.jpg\" class=\"attachment-large size-large\" alt=\"\" loading=\"lazy\" srcset=\"https:\/\/hazardcontrolengineering.com\/wp-content\/uploads\/2020\/10\/IMG_3434.jpg 1024w, https:\/\/hazardcontrolengineering.com\/wp-content\/uploads\/2020\/10\/IMG_3434-300x225.jpg 300w, https:\/\/hazardcontrolengineering.com\/wp-content\/uploads\/2020\/10\/IMG_3434-768x575.jpg 768w, https:\/\/hazardcontrolengineering.com\/wp-content\/uploads\/2020\/10\/IMG_3434-16x12.jpg 16w\" sizes=\"(max-width: 1024px) 100vw, 1024px\" \/>\t\t\t\t\t\t\t\t<\/a>\n\t\t\t\t\t\t\t\t\t\t\t<\/div>\n\t\t\t\t<\/div>\n\t\t\t\t<\/div>\n\t\t\t\t\t\t<\/div>\n\t\t\t\t\t<\/div>\n\t\t<\/div>\n\t\t\t\t<div class=\"elementor-column elementor-col-50 elementor-top-column elementor-element elementor-element-849eb55\" data-id=\"849eb55\" data-element_type=\"column\">\n\t\t\t<div class=\"elementor-column-wrap elementor-element-populated\">\n\t\t\t\t\t\t\t<div class=\"elementor-widget-wrap\">\n\t\t\t\t\t\t<div class=\"elementor-element elementor-element-28a0da6 elementor-widget elementor-widget-heading\" data-id=\"28a0da6\" data-element_type=\"widget\" data-widget_type=\"heading.default\">\n\t\t\t\t<div class=\"elementor-widget-container\">\n\t\t\t<h2 class=\"elementor-heading-title elementor-size-default\">L\u00f6sungen f\u00fcr rechtliche und politische Fragestellungen<\/h2>\t\t<\/div>\n\t\t\t\t<\/div>\n\t\t\t\t<div class=\"elementor-element elementor-element-590888f elementor-widget elementor-widget-text-editor\" data-id=\"590888f\" data-element_type=\"widget\" data-widget_type=\"text-editor.default\">\n\t\t\t\t<div class=\"elementor-widget-container\">\n\t\t\t\t\t<div class=\"elementor-text-editor elementor-clearfix\"><p>Kundenorientierte L\u00f6sungen f\u00fcr die Kommunikation mit Beh\u00f6rden in Bezug auf chemische Kampfstoffe, Transportangelegenheiten und Zertifikate.<\/p>\n<p><\/p>\n<p><\/p><\/div>\n\t\t\t\t<\/div>\n\t\t\t\t<\/div>\n\t\t\t\t\t\t<\/div>\n\t\t\t\t\t<\/div>\n\t\t<\/div>\n\t\t\t\t\t\t\t\t<\/div>\n\t\t\t\t\t<\/div>\n\t\t<\/section>\n\t\t\t\t<section class=\"elementor-section elementor-top-section elementor-element elementor-element-9d38868 elementor-section-boxed elementor-section-height-default elementor-section-height-default\" data-id=\"9d38868\" data-element_type=\"section\">\n\t\t\t\t\t\t<div class=\"elementor-container elementor-column-gap-no\">\n\t\t\t\t\t\t\t<div class=\"elementor-row\">\n\t\t\t\t\t<div class=\"elementor-column elementor-col-50 elementor-top-column elementor-element elementor-element-5a06103\" data-id=\"5a06103\" data-element_type=\"column\">\n\t\t\t<div class=\"elementor-column-wrap elementor-element-populated\">\n\t\t\t\t\t\t\t<div class=\"elementor-widget-wrap\">\n\t\t\t\t\t\t<div class=\"elementor-element elementor-element-04d4673 elementor-widget elementor-widget-image\" data-id=\"04d4673\" data-element_type=\"widget\" data-widget_type=\"image.default\">\n\t\t\t\t<div class=\"elementor-widget-container\">\n\t\t\t\t\t<div class=\"elementor-image\">\n\t\t\t\t\t\t\t\t\t\t\t<a href=\"https:\/\/hazardcontrolengineering.com\/wp-content\/uploads\/2020\/10\/20200304_120103.jpg\" data-elementor-open-lightbox=\"yes\" data-elementor-lightbox-title=\"20200304_120103\">\n\t\t\t\t\t\t\t<img width=\"1024\" height=\"767\" src=\"https:\/\/hazardcontrolengineering.com\/wp-content\/uploads\/2020\/10\/20200304_120103.jpg\" class=\"attachment-large size-large\" alt=\"chemical weapon agents\" loading=\"lazy\" srcset=\"https:\/\/hazardcontrolengineering.com\/wp-content\/uploads\/2020\/10\/20200304_120103.jpg 1024w, https:\/\/hazardcontrolengineering.com\/wp-content\/uploads\/2020\/10\/20200304_120103-300x225.jpg 300w, https:\/\/hazardcontrolengineering.com\/wp-content\/uploads\/2020\/10\/20200304_120103-768x575.jpg 768w, https:\/\/hazardcontrolengineering.com\/wp-content\/uploads\/2020\/10\/20200304_120103-16x12.jpg 16w\" sizes=\"(max-width: 1024px) 100vw, 1024px\" \/>\t\t\t\t\t\t\t\t<\/a>\n\t\t\t\t\t\t\t\t\t\t\t<\/div>\n\t\t\t\t<\/div>\n\t\t\t\t<\/div>\n\t\t\t\t\t\t<\/div>\n\t\t\t\t\t<\/div>\n\t\t<\/div>\n\t\t\t\t<div class=\"elementor-column elementor-col-50 elementor-top-column elementor-element elementor-element-934dcc0\" data-id=\"934dcc0\" data-element_type=\"column\">\n\t\t\t<div class=\"elementor-column-wrap elementor-element-populated\">\n\t\t\t\t\t\t\t<div class=\"elementor-widget-wrap\">\n\t\t\t\t\t\t<div class=\"elementor-element elementor-element-18f8c3f elementor-widget elementor-widget-heading\" data-id=\"18f8c3f\" data-element_type=\"widget\" data-widget_type=\"heading.default\">\n\t\t\t\t<div class=\"elementor-widget-container\">\n\t\t\t<h2 class=\"elementor-heading-title elementor-size-default\">Unterst\u00fctzung bei CWM Sanierungsarbeiten<\/h2>\t\t<\/div>\n\t\t\t\t<\/div>\n\t\t\t\t<div class=\"elementor-element elementor-element-88db303 elementor-widget elementor-widget-text-editor\" data-id=\"88db303\" data-element_type=\"widget\" data-widget_type=\"text-editor.default\">\n\t\t\t\t<div class=\"elementor-widget-container\">\n\t\t\t\t\t<div class=\"elementor-text-editor elementor-clearfix\"><p>Kundenspezifische T\u00e4tigkeiten f\u00fcr chemische Kampfstoff- und Kampfmittel-Sanierungsprojekte inkl. \u00dcberpr\u00fcfen von Ger\u00e4ten und \u00dcberwachungssystemen, Verifikation von Analysemethoden und Dekontaminationsverfahren.<\/p>\n<p><\/p><\/div>\n\t\t\t\t<\/div>\n\t\t\t\t<\/div>\n\t\t\t\t\t\t<\/div>\n\t\t\t\t\t<\/div>\n\t\t<\/div>\n\t\t\t\t\t\t\t\t<\/div>\n\t\t\t\t\t<\/div>\n\t\t<\/section>\n\t\t\t\t\t\t<\/div>\n\t\t\t\t\t\t<\/div>\n\t\t\t\t\t<\/div>","protected":false},"excerpt":{"rendered":"<p>Services Based on long-time experience, HCE &#8211; Hazard Control Engineering offers consulting services for Chemical Weapon Agents (CWA) hardware and legal issues as well as customer specified solutions for the modification and maintenance of analytical instruments. Consulting Consulting for Chemical Weapon Agents (CWA) equipment and monitoring systems in relation to costs, type of instrument, support &hellip;<\/p>\n<p class=\"read-more\"> <a class=\"\" href=\"https:\/\/hazardcontrolengineering.com\/de\/chemical-weapon-agents-services\/\"> <span class=\"screen-reader-text\">Chemical Weapon Agents Services<\/span> Read More &raquo;<\/a><\/p>","protected":false},"author":1,"featured_media":1766,"parent":0,"menu_order":0,"comment_status":"closed","ping_status":"closed","template":"elementor_header_footer","meta":[],"_links":{"self":[{"href":"https:\/\/hazardcontrolengineering.com\/de\/wp-json\/wp\/v2\/pages\/32"}],"collection":[{"href":"https:\/\/hazardcontrolengineering.com\/de\/wp-json\/wp\/v2\/pages"}],"about":[{"href":"https:\/\/hazardcontrolengineering.com\/de\/wp-json\/wp\/v2\/types\/page"}],"author":[{"embeddable":true,"href":"https:\/\/hazardcontrolengineering.com\/de\/wp-json\/wp\/v2\/users\/1"}],"replies":[{"embeddable":true,"href":"https:\/\/hazardcontrolengineering.com\/de\/wp-json\/wp\/v2\/comments?post=32"}],"version-history":[{"count":0,"href":"https:\/\/hazardcontrolengineering.com\/de\/wp-json\/wp\/v2\/pages\/32\/revisions"}],"wp:featuredmedia":[{"embeddable":true,"href":"https:\/\/hazardcontrolengineering.com\/de\/wp-json\/wp\/v2\/media\/1766"}],"wp:attachment":[{"href":"https:\/\/hazardcontrolengineering.com\/de\/wp-json\/wp\/v2\/media?parent=32"}],"curies":[{"name":"wp","href":"https:\/\/api.w.org\/{rel}","templated":true}]}}